{"id":9489,"date":"2023-12-27T13:45:50","date_gmt":"2023-12-27T13:45:50","guid":{"rendered":"https:\/\/www.cambrianflowers.com\/?page_id=9489"},"modified":"2024-10-02T17:31:16","modified_gmt":"2024-10-02T17:31:16","slug":"about-us","status":"publish","type":"page","link":"https:\/\/cambrianflower.com\/fr\/about-us\/","title":{"rendered":"About Us &#8211; Cambrian"},"content":{"rendered":"<div data-elementor-type=\"wp-page\" data-elementor-id=\"9489\" class=\"elementor elementor-9489\" data-elementor-post-type=\"page\">\n\t\t\t\t\t\t<section class=\"elementor-section elementor-top-section elementor-element elementor-element-1358b7a elementor-section-full_width elementor-section-items-stretch elementor-section-height-min-height elementor-section-height-default\" data-id=\"1358b7a\" data-element_type=\"section\">\n\t\t\t\t\t\t<div class=\"elementor-container elementor-column-gap-default\">\n\t\t\t\t\t<div class=\"elementor-column elementor-col-50 elementor-top-column elementor-element elementor-element-2d664d7\" data-id=\"2d664d7\" data-element_type=\"column\" data-settings=\"{&quot;background_background&quot;:&quot;classic&quot;}\">\n\t\t\t<div class=\"elementor-widget-wrap elementor-element-populated\">\n\t\t\t\t\t\t<div class=\"elementor-element elementor-element-e07c1e1 elementor-widget elementor-widget-spacer\" data-id=\"e07c1e1\" data-element_type=\"widget\" data-widget_type=\"spacer.default\">\n\t\t\t\t<div class=\"elementor-widget-container\">\n\t\t\t\t\t\t\t<div class=\"elementor-spacer\">\n\t\t\t<div class=\"elementor-spacer-inner\"><\/div>\n\t\t<\/div>\n\t\t\t\t\t\t<\/div>\n\t\t\t\t<\/div>\n\t\t\t\t\t<\/div>\n\t\t<\/div>\n\t\t\t\t<div class=\"elementor-column elementor-col-50 elementor-top-column elementor-element elementor-element-750d6a9\" data-id=\"750d6a9\" data-element_type=\"column\">\n\t\t\t<div class=\"elementor-widget-wrap elementor-element-populated\">\n\t\t\t\t\t\t<div class=\"elementor-element elementor-element-52c9614 elementor-widget__width-initial elementor-widget elementor-widget-gaelle_core_section_title\" data-id=\"52c9614\" data-element_type=\"widget\" data-widget_type=\"gaelle_core_section_title.default\">\n\t\t\t\t<div class=\"elementor-widget-container\">\n\t\t\t\t\t<div class=\"qodef-shortcode qodef-m  qodef-section-title qodef-alignment--left\">\n\t\t<h6 class=\"qodef-m-subtitle\" >\n\t\tHaute qualit\u00e9 \u00e0 des prix raisonnables\t<\/h6>\n\t\t<h2 class=\"qodef-m-title\" >\n\t\t\t\t\tQui sommes-nous\t\t\t<\/h2>\n\t<\/div>\n\t\t\t\t<\/div>\n\t\t\t\t<\/div>\n\t\t\t\t<div class=\"elementor-element elementor-element-0de35ec elementor-widget__width-initial elementor-widget elementor-widget-text-editor\" data-id=\"0de35ec\" data-element_type=\"widget\" data-widget_type=\"text-editor.default\">\n\t\t\t\t<div class=\"elementor-widget-container\">\n\t\t\t\t\t\t\t\t\t<p>Il y a plus de 40 ans, Cambrian Trading House a \u00e9t\u00e9 cr\u00e9\u00e9e en tant que coentreprise canado-p\u00e9ruvienne o\u00f9 des fleurs d\u00e9coratives \u00e9taient cultiv\u00e9es au nord de Lima au P\u00e9rou et ensuite export\u00e9 au Canada.<\/p><p>La gamme de produits initiale comprenait des gypsophiles et des statices, mais nous nous sommes rapidement associ\u00e9s \u00e0 d'autres cultivateurs produisant des \u0153illets, des roses, des lys et des gerberas. Au cours des d\u00e9cennies suivantes, Cambrian a d\u00e9velopp\u00e9 son r\u00e9seau de partenaires et importe maintenant de Colombie, \u00c9quateur, Italie, Nouvelle Z\u00e9lande, Australie, Hollande, \u00c9tats-Unis et de nombreux autres pays du monde. Nous offrons aussi des produits locaux. Ceci nous permet maintenant d\u2019offrir une gamme impressionnante de produits \u00e0 nos clients, peu importe la taille de leur entreprise.<\/p><p>D\u00e8s le d\u00e9but, nous avons mis l\u2019emphase sur am\u00e9lioration de la qualit\u00e9, la technologie, les normes environnementales et de s\u00e9curit\u00e9 des op\u00e9rations avec lesquelles nous avons \u00e9tabli des partenariats. Cette approche a permis d'offrir \u00e0 nos clients une gamme de produits fiables, durables et socialement responsables, de la plus haute qualit\u00e9 et de la plus grande fra\u00eecheur, \u00e0 des prix raisonnables.<\/p>\t\t\t\t\t\t\t\t<\/div>\n\t\t\t\t<\/div>\n\t\t\t\t<div class=\"elementor-element elementor-element-80ecab3 elementor-widget__width-initial elementor-widget elementor-widget-qi_addons_for_elementor_blockquote\" data-id=\"80ecab3\" data-element_type=\"widget\" data-widget_type=\"qi_addons_for_elementor_blockquote.default\">\n\t\t\t\t<div class=\"elementor-widget-container\">\n\t\t\t\t\t<div class=\"qodef-shortcode qodef-m qodef-qi-blockquote qodef-layout--inline qodef--icon-pack\">\n\t\t\t<h4 class=\"qodef-m-text\">\n\t\t\t\t\t\t\t<span class=\"qodef-m-icon\">\n\t\t\t\t\t<svg aria-hidden=\"true\" class=\"e-font-icon-svg e-fas-quote-left\" viewbox=\"0 0 512 512\" xmlns=\"http:\/\/www.w3.org\/2000\/svg\"><path d=\"M464 256h-80v-64c0-35.3 28.7-64 64-64h8c13.3 0 24-10.7 24-24V56c0-13.3-10.7-24-24-24h-8c-88.4 0-160 71.6-160 160v240c0 26.5 21.5 48 48 48h128c26.5 0 48-21.5 48-48V304c0-26.5-21.5-48-48-48zm-288 0H96v-64c0-35.3 28.7-64 64-64h8c13.3 0 24-10.7 24-24V56c0-13.3-10.7-24-24-24h-8C71.6 32 0 103.6 0 192v240c0 26.5 21.5 48 48 48h128c26.5 0 48-21.5 48-48V304c0-26.5-21.5-48-48-48z\"><\/path><\/svg>\t\t\t\t<\/span>\n\t\t\t\t\t\tFournir \u00e0 nos clients une gamme de produits de la plus haute qualit\u00e9 et de la plus grande fra\u00eecheur, \u00e0 des prix raisonnables\t\t<\/h4>\n\t<\/div>\n\t\t\t\t<\/div>\n\t\t\t\t<\/div>\n\t\t\t\t\t<\/div>\n\t\t<\/div>\n\t\t\t\t\t<\/div>\n\t\t<\/section>\n\t\t\t\t<\/div>","protected":false},"excerpt":{"rendered":"<p>Highest quality at reasonable prices About Us Over 40 years ago Cambrian Trading House was created as a Canadian-Peruvian joint venture in which flowers were grown north of Lima, Peru, then shipped to Canada. The initial product line included gypsophila and statice but we soon partnered with additional farms growing carnations, roses, lilies and gerbera. [&hellip;]<\/p>","protected":false},"author":1,"featured_media":0,"parent":0,"menu_order":0,"comment_status":"closed","ping_status":"closed","template":"page-full-width.php","meta":{"nf_dc_page":"","footnotes":""},"class_list":["post-9489","page","type-page","status-publish","hentry"],"_links":{"self":[{"href":"https:\/\/cambrianflower.com\/fr\/wp-json\/wp\/v2\/pages\/9489","targetHints":{"allow":["GET"]}}],"collection":[{"href":"https:\/\/cambrianflower.com\/fr\/wp-json\/wp\/v2\/pages"}],"about":[{"href":"https:\/\/cambrianflower.com\/fr\/wp-json\/wp\/v2\/types\/page"}],"author":[{"embeddable":true,"href":"https:\/\/cambrianflower.com\/fr\/wp-json\/wp\/v2\/users\/1"}],"replies":[{"embeddable":true,"href":"https:\/\/cambrianflower.com\/fr\/wp-json\/wp\/v2\/comments?post=9489"}],"version-history":[{"count":5,"href":"https:\/\/cambrianflower.com\/fr\/wp-json\/wp\/v2\/pages\/9489\/revisions"}],"predecessor-version":[{"id":10390,"href":"https:\/\/cambrianflower.com\/fr\/wp-json\/wp\/v2\/pages\/9489\/revisions\/10390"}],"wp:attachment":[{"href":"https:\/\/cambrianflower.com\/fr\/wp-json\/wp\/v2\/media?parent=9489"}],"curies":[{"name":"wp","href":"https:\/\/api.w.org\/{rel}","templated":true}]}}